{"id":1569,"date":"2018-12-08T11:00:35","date_gmt":"2018-12-08T11:00:35","guid":{"rendered":"https:\/\/demo.gloriathemes.com\/eventchamp\/demo\/?page_id=1569"},"modified":"2019-06-21T11:27:03","modified_gmt":"2019-06-21T11:27:03","slug":"a-propos-de-nous","status":"publish","type":"page","link":"https:\/\/afakevents.com\/fr\/a-propos-de-nous\/","title":{"rendered":"\u00c0 propos de nous"},"content":{"rendered":"<div class=\"wpb-content-wrapper\"><p>[vc_row][vc_column][vc_empty_space]<div class=\"gt-heading gt-dark gt-size1 gt-align-center\"><div class=\"gt-title\">\u00c0 PROPOS <span>d&#039;AFAK EVENTS<\/span><\/div><div class=\"gt-separate\"><i class=\"fas fa-certificate\"><\/i><\/div><\/div>[vc_column_text]<\/p>\n<p>Au travers de la s\u00e9rie d\u2019\u00e9v\u00e9nements, qui se tiennent en Turquie et \u00e0 l\u2019\u00e9tranger, des perspectives d\u00e9volues en mati\u00e8re d\u2019expositions et d\u2019\u00e9v\u00e9nements \u00e9conomiques, notre soci\u00e9t\u00e9 AFAK Events LTD construit elle-m\u00eame une plateforme efficace et int\u00e9gr\u00e9e \u00e0 travers laquelle offre un ensemble de solutions \u00e9conomiques et commerciales au monde des affaires. au Moyen-Orient et en Afrique du Nord.<\/p>\n<p>Bas\u00e9 sur ce que nous offrons dans les moyens d\u2019\u00e9tablir des foires commerciales et des conf\u00e9rences reposant sur le professionnalisme et l\u2019efficacit\u00e9 d\u2019un service de grande qualit\u00e9 pour atteindre les objectifs souhait\u00e9s par les parties impliqu\u00e9es, et sur son r\u00f4le efficace dans l\u2019activation des \u00e9changes commerciaux entre les pays, le r\u00f4le et les la responsabilit\u00e9 historique incombe \u00e0 ceux qui appellent et adoptent la mise en place de ces \u00e9v\u00e9nements, les obligeant \u00e0 confirmer le niveau de normes cens\u00e9es \u00eatre prises en compte et introduites, afin de garantir que le travail est effectu\u00e9 convenablement et de mani\u00e8re appropri\u00e9e.<\/p>\n<p>Nous gardons donc \u00e0 l\u2019esprit ce r\u00f4le et cette taille, et arm\u00e9s de partenariats et de jumelages avec nos coll\u00e8gues du secteur vital, demandant au Seigneur Tout-Puissant une sup\u00e9riorit\u00e9 et un succ\u00e8s.<\/p>\n<p>[\/vc_column_text][\/vc_column][\/vc_row][vc_row][vc_column]<div class=\"gt-heading gt-dark gt-size1 gt-align-center\"><div class=\"gt-title\">MESSAGE <span>DU PDG<\/span><\/div><div class=\"gt-separate\"><i class=\"far fa-comment\"><\/i><\/div><\/div>[\/vc_column][\/vc_row][vc_row][vc_column width=\u00a0\u00bb1\/4&Prime;][vc_single_image image=\u00a0\u00bb1861&Prime; img_size=\u00a0\u00bb300&#215;300&Prime; style=\u00a0\u00bbvc_box_shadow_3d\u00a0\u00bb]<div class=\"gt-heading gt-dark gt-size2 gt-align-center\"><div class=\"gt-title\">El Hadi Bekai<\/div><\/div>[\/vc_column][vc_column width=\u00a0\u00bb3\/4&Prime;][vc_column_text]<\/p>\n<p>L\u2019un des facteurs de succ\u00e8s professionnels les plus importants de notre secteur est de transformer et de d\u00e9velopper le contenu de l\u2019analyse et des statistiques des faits et des chiffres en \u00e9v\u00e9nements et forums, conf\u00e9rences et expositions, repr\u00e9sente dans son ensemble la naissance correcte de ces tentatives s\u00e9rieuses. Order the wheel Et les propri\u00e9taires d\u2019entreprises sont convaincus que les entretiens en face \u00e0 face sont les plus faciles et les plus rapides dans la pratique en termes de r\u00e9alisation technique et d\u2019acc\u00e8s aux finalit\u00e9s plut\u00f4t que par d\u2019autres moyens de communication via Internet ou un r\u00e9seau.<\/p>\n<p>Il est devenu n\u00e9cessaire pour nous de cr\u00e9er des plates-formes et les forums d\u2019entreprises servent ce principe et cet objectif. A partir de l\u00e0, nous sommes fiers de notre concentration sur une \u00e9quipe exp\u00e9riment\u00e9e qui place les besoins de nos clients et leurs relations \u00e0 long terme avec eux au c\u0153ur des priorit\u00e9s.<\/p>\n<p>Et, d\u2019un point de vue international, de nombreux pays amis et voisins se sont efforc\u00e9s d\u2019am\u00e9liorer leur balance commerciale, d\u2019accro\u00eetre la part de leurs exportations et d\u2019accro\u00eetre leur produit int\u00e9rieur brut gr\u00e2ce \u00e0 la promotion permanente des industries et du commerce international, ce qui ne peut \u00eatre r\u00e9alis\u00e9 principalement de mani\u00e8re optimale uniquement par le biais de forums, de foires commerciales et de conf\u00e9rences connexes. \u00c0 partir de l\u00e0, nous soulignons le fait que chacun de nous a un r\u00f4le \u00e0 jouer pour faire bouger l\u2019\u00e9conomie de cette machine g\u00e9ante, en particulier si nous agissons de mani\u00e8re suffisante et moderne dans cette entreprise. Nous demandons \u00e0 Allah le Tout-Puissant d\u2019\u00e9clairer notre chemin et de sauver le pays et ses habitants.<\/p>\n<p>[\/vc_column_text][\/vc_column][\/vc_row][vc_row][vc_column][vc_empty_space][\/vc_column][\/vc_row]<\/p>\n<\/div>","protected":false},"excerpt":{"rendered":"<p>[vc_row][vc_column][vc_empty_space][vc_column_text] Au travers de la s\u00e9rie d\u2019\u00e9v\u00e9nements, qui se tiennent en Turquie et \u00e0 l\u2019\u00e9tranger, des perspectives d\u00e9volues en mati\u00e8re d\u2019expositions et d\u2019\u00e9v\u00e9nements \u00e9conomiques, notre soci\u00e9t\u00e9 AFAK Events LTD construit elle-m\u00eame une plateforme efficace et int\u00e9gr\u00e9e \u00e0 travers laquelle offre&#8230;<\/p>\n","protected":false},"author":4,"featured_media":0,"parent":0,"menu_order":0,"comment_status":"closed","ping_status":"closed","template":"","meta":{"inline_featured_image":false,"footnotes":""},"class_list":["post-1569","page","type-page","status-publish","hentry"],"yoast_head":"<!-- This site is optimized with the Yoast SEO plugin v26.5 - https:\/\/yoast.com\/wordpress\/plugins\/seo\/ -->\n<title>\u00c0 propos de nous - Afak Events<\/title>\n<meta name=\"robots\" content=\"index, follow, max-snippet:-1, max-image-preview:large, max-video-preview:-1\" \/>\n<link rel=\"canonical\" href=\"https:\/\/afakevents.com\/fr\/a-propos-de-nous\/\" \/>\n<meta property=\"og:locale\" content=\"fr_FR\" \/>\n<meta property=\"og:type\" content=\"article\" \/>\n<meta property=\"og:title\" content=\"\u00c0 propos de nous - Afak Events\" \/>\n<meta property=\"og:description\" content=\"[vc_row][vc_column][vc_empty_space][vc_column_text] Au travers de la s\u00e9rie d\u2019\u00e9v\u00e9nements, qui se tiennent en Turquie et \u00e0 l\u2019\u00e9tranger, des perspectives d\u00e9volues en mati\u00e8re d\u2019expositions et d\u2019\u00e9v\u00e9nements \u00e9conomiques, notre soci\u00e9t\u00e9 AFAK Events LTD construit elle-m\u00eame une plateforme efficace et int\u00e9gr\u00e9e \u00e0 travers laquelle offre...\" \/>\n<meta property=\"og:url\" content=\"https:\/\/afakevents.com\/fr\/a-propos-de-nous\/\" \/>\n<meta property=\"og:site_name\" content=\"Afak Events\" \/>\n<meta property=\"article:modified_time\" content=\"2019-06-21T11:27:03+00:00\" \/>\n<meta name=\"twitter:card\" content=\"summary_large_image\" \/>\n<meta name=\"twitter:label1\" content=\"Dur\u00e9e de lecture estim\u00e9e\" \/>\n\t<meta name=\"twitter:data1\" content=\"3 minutes\" \/>\n<script type=\"application\/ld+json\" class=\"yoast-schema-graph\">{\"@context\":\"https:\/\/schema.org\",\"@graph\":[{\"@type\":\"WebPage\",\"@id\":\"https:\/\/afakevents.com\/fr\/a-propos-de-nous\/\",\"url\":\"https:\/\/afakevents.com\/fr\/a-propos-de-nous\/\",\"name\":\"\u00c0 propos de nous - Afak Events\",\"isPartOf\":{\"@id\":\"https:\/\/afakevents.com\/fr\/#website\"},\"datePublished\":\"2018-12-08T11:00:35+00:00\",\"dateModified\":\"2019-06-21T11:27:03+00:00\",\"breadcrumb\":{\"@id\":\"https:\/\/afakevents.com\/fr\/a-propos-de-nous\/#breadcrumb\"},\"inLanguage\":\"fr-FR\",\"potentialAction\":[{\"@type\":\"ReadAction\",\"target\":[\"https:\/\/afakevents.com\/fr\/a-propos-de-nous\/\"]}]},{\"@type\":\"BreadcrumbList\",\"@id\":\"https:\/\/afakevents.com\/fr\/a-propos-de-nous\/#breadcrumb\",\"itemListElement\":[{\"@type\":\"ListItem\",\"position\":1,\"name\":\"Home\",\"item\":\"https:\/\/afakevents.com\/fr\/\"},{\"@type\":\"ListItem\",\"position\":2,\"name\":\"\u00c0 propos de nous\"}]},{\"@type\":\"WebSite\",\"@id\":\"https:\/\/afakevents.com\/fr\/#website\",\"url\":\"https:\/\/afakevents.com\/fr\/\",\"name\":\"Afak Events\",\"description\":\"\",\"potentialAction\":[{\"@type\":\"SearchAction\",\"target\":{\"@type\":\"EntryPoint\",\"urlTemplate\":\"https:\/\/afakevents.com\/fr\/?s={search_term_string}\"},\"query-input\":{\"@type\":\"PropertyValueSpecification\",\"valueRequired\":true,\"valueName\":\"search_term_string\"}}],\"inLanguage\":\"fr-FR\"}]}<\/script>\n<!-- \/ Yoast SEO plugin. -->","yoast_head_json":{"title":"\u00c0 propos de nous - Afak Events","robots":{"index":"index","follow":"follow","max-snippet":"max-snippet:-1","max-image-preview":"max-image-preview:large","max-video-preview":"max-video-preview:-1"},"canonical":"https:\/\/afakevents.com\/fr\/a-propos-de-nous\/","og_locale":"fr_FR","og_type":"article","og_title":"\u00c0 propos de nous - Afak Events","og_description":"[vc_row][vc_column][vc_empty_space][vc_column_text] Au travers de la s\u00e9rie d\u2019\u00e9v\u00e9nements, qui se tiennent en Turquie et \u00e0 l\u2019\u00e9tranger, des perspectives d\u00e9volues en mati\u00e8re d\u2019expositions et d\u2019\u00e9v\u00e9nements \u00e9conomiques, notre soci\u00e9t\u00e9 AFAK Events LTD construit elle-m\u00eame une plateforme efficace et int\u00e9gr\u00e9e \u00e0 travers laquelle offre...","og_url":"https:\/\/afakevents.com\/fr\/a-propos-de-nous\/","og_site_name":"Afak Events","article_modified_time":"2019-06-21T11:27:03+00:00","twitter_card":"summary_large_image","twitter_misc":{"Dur\u00e9e de lecture estim\u00e9e":"3 minutes"},"schema":{"@context":"https:\/\/schema.org","@graph":[{"@type":"WebPage","@id":"https:\/\/afakevents.com\/fr\/a-propos-de-nous\/","url":"https:\/\/afakevents.com\/fr\/a-propos-de-nous\/","name":"\u00c0 propos de nous - Afak Events","isPartOf":{"@id":"https:\/\/afakevents.com\/fr\/#website"},"datePublished":"2018-12-08T11:00:35+00:00","dateModified":"2019-06-21T11:27:03+00:00","breadcrumb":{"@id":"https:\/\/afakevents.com\/fr\/a-propos-de-nous\/#breadcrumb"},"inLanguage":"fr-FR","potentialAction":[{"@type":"ReadAction","target":["https:\/\/afakevents.com\/fr\/a-propos-de-nous\/"]}]},{"@type":"BreadcrumbList","@id":"https:\/\/afakevents.com\/fr\/a-propos-de-nous\/#breadcrumb","itemListElement":[{"@type":"ListItem","position":1,"name":"Home","item":"https:\/\/afakevents.com\/fr\/"},{"@type":"ListItem","position":2,"name":"\u00c0 propos de nous"}]},{"@type":"WebSite","@id":"https:\/\/afakevents.com\/fr\/#website","url":"https:\/\/afakevents.com\/fr\/","name":"Afak Events","description":"","potentialAction":[{"@type":"SearchAction","target":{"@type":"EntryPoint","urlTemplate":"https:\/\/afakevents.com\/fr\/?s={search_term_string}"},"query-input":{"@type":"PropertyValueSpecification","valueRequired":true,"valueName":"search_term_string"}}],"inLanguage":"fr-FR"}]}},"_links":{"self":[{"href":"https:\/\/afakevents.com\/fr\/wp-json\/wp\/v2\/pages\/1569","targetHints":{"allow":["GET"]}}],"collection":[{"href":"https:\/\/afakevents.com\/fr\/wp-json\/wp\/v2\/pages"}],"about":[{"href":"https:\/\/afakevents.com\/fr\/wp-json\/wp\/v2\/types\/page"}],"author":[{"embeddable":true,"href":"https:\/\/afakevents.com\/fr\/wp-json\/wp\/v2\/users\/4"}],"replies":[{"embeddable":true,"href":"https:\/\/afakevents.com\/fr\/wp-json\/wp\/v2\/comments?post=1569"}],"version-history":[{"count":13,"href":"https:\/\/afakevents.com\/fr\/wp-json\/wp\/v2\/pages\/1569\/revisions"}],"predecessor-version":[{"id":1993,"href":"https:\/\/afakevents.com\/fr\/wp-json\/wp\/v2\/pages\/1569\/revisions\/1993"}],"wp:attachment":[{"href":"https:\/\/afakevents.com\/fr\/wp-json\/wp\/v2\/media?parent=1569"}],"curies":[{"name":"wp","href":"https:\/\/api.w.org\/{rel}","templated":true}]}}