{"id":338,"date":"2018-11-21T13:59:44","date_gmt":"2018-11-21T13:59:44","guid":{"rendered":"https:\/\/demo.gloriathemes.com\/eventchamp\/demo\/?page_id=338"},"modified":"2024-07-01T13:14:09","modified_gmt":"2024-07-01T13:14:09","slug":"footer-style-1","status":"publish","type":"page","link":"https:\/\/afakevents.com\/fr\/footer-style-1\/","title":{"rendered":"Footer"},"content":{"rendered":"<div class=\"wpb-content-wrapper\"><p>[vc_row][vc_column width=\u00a0\u00bb1\/2&Prime;]<div class=\"gt-heading gt-white gt-size2 gt-align-left\"><div class=\"gt-title\">Contact<\/div><div class=\"gt-separate\"><svg xmlns=\"https:\/\/www.w3.org\/2000\/svg\" viewBox=\"0 0 24 24\" fill=\"none\" stroke=\"currentColor\" stroke-width=\"2\" stroke-linecap=\"round\" stroke-linejoin=\"round\"><path d=\"M21 16V8a2 2 0 0 0-1-1.73l-7-4a2 2 0 0 0-2 0l-7 4A2 2 0 0 0 3 8v8a2 2 0 0 0 1 1.73l7 4a2 2 0 0 0 2 0l7-4A2 2 0 0 0 21 16z\"><\/path><polyline points=\"3.27 6.96 12 12.01 20.73 6.96\"><\/polyline><line x1=\"12\" y1=\"22.08\" x2=\"12\" y2=\"12\"><\/line><\/svg><\/div><\/div>[vc_empty_space height=\u00a0\u00bb25px\u00a0\u00bb]<div class=\"gt-contact-box\"><div class=\"gt-item gt-address\"><svg xmlns=\"https:\/\/www.w3.org\/2000\/svg\" viewBox=\"0 0 24 24\" fill=\"none\" stroke=\"currentColor\" stroke-width=\"2\" stroke-linecap=\"round\" stroke-linejoin=\"round\"><path d=\"M21 10c0 7-9 13-9 13s-9-6-9-13a9 9 0 0 1 18 0z\"><\/path><circle cx=\"12\" cy=\"10\" r=\"3\"><\/circle><\/svg>\u00c7OBAN\u00c7E\u015eME MAH. SANAY\u0130 CAD. N\u0130SH RESIDENCE, D BLOK No: 44 D \/ 32 BAH\u00c7EL\u0130EVLER \/ \u0130STANBUL<\/div><div class=\"gt-item gt-email\"><svg xmlns=\"https:\/\/www.w3.org\/2000\/svg\" viewBox=\"0 0 24 24\" fill=\"none\" stroke=\"currentColor\" stroke-width=\"2\" stroke-linecap=\"round\" stroke-linejoin=\"round\"><path d=\"M4 4h16c1.1 0 2 .9 2 2v12c0 1.1-.9 2-2 2H4c-1.1 0-2-.9-2-2V6c0-1.1.9-2 2-2z\"><\/path><polyline points=\"22,6 12,13 2,6\"><\/polyline><\/svg><a href=\"mailto:info@afakevents.com\">info@afakevents.com<\/a><\/div><div class=\"gt-item gt-fax\"><svg xmlns=\"https:\/\/www.w3.org\/2000\/svg\" viewBox=\"0 0 24 24\" fill=\"none\" stroke=\"currentColor\" stroke-width=\"2\" stroke-linecap=\"round\" stroke-linejoin=\"round\"><polyline points=\"6 9 6 2 18 2 18 9\"><\/polyline><path d=\"M6 18H4a2 2 0 0 1-2-2v-5a2 2 0 0 1 2-2h16a2 2 0 0 1 2 2v5a2 2 0 0 1-2 2h-2\"><\/path><rect x=\"6\" y=\"14\" width=\"12\" height=\"8\"><\/rect><\/svg>+90 501 333 45 55<\/div><\/div>[vc_empty_space height=\u00a0\u00bb25px\u00a0\u00bb]<div class=\"gt-social-links-element gt-style-6\"><ul class=\"gt-social-links\"><li><a href=\"https:\/\/www.facebook.com\/afakevents\/\" target=\"_blank\"><i class=\"fa-brands fa-facebook-f\"><\/i><\/a><\/li><li><a href=\"https:\/\/twitter.com\/afakevents\" target=\"_blank\"><i class=\"fa-brands fa-x-twitter\"><\/i><\/a><\/li><li><a href=\"https:\/\/www.linkedin.com\/in\/afak-events-093b38167\/\" target=\"_blank\"><i class=\"fa-brands fa-linkedin-in\"><\/i><\/a><\/li><li><a href=\"https:\/\/www.instagram.com\/afak_events\/\" target=\"_blank\"><i class=\"fa-brands fa-instagram\"><\/i><\/a><\/li><\/ul><\/div>[\/vc_column][vc_column width=\u00a0\u00bb1\/2&Prime;]<div class=\"gt-heading gt-white gt-size1 gt-align-left\"><div class=\"gt-title\">Newsletter<\/div><div class=\"gt-separate\"><i class=\"far fa-envelope-open\"><\/i><\/div><div class=\"gt-text\">Subscribe to our latest news.<\/div><\/div>[vc_empty_space height=\u00a0\u00bb25px\u00a0\u00bb]<div class=\"gt-mailchimp-newsletter gt-dark\"><script>(function() {\n\twindow.mc4wp = window.mc4wp || {\n\t\tlisteners: [],\n\t\tforms: {\n\t\t\ton: function(evt, cb) {\n\t\t\t\twindow.mc4wp.listeners.push(\n\t\t\t\t\t{\n\t\t\t\t\t\tevent   : evt,\n\t\t\t\t\t\tcallback: cb\n\t\t\t\t\t}\n\t\t\t\t);\n\t\t\t}\n\t\t}\n\t}\n})();\n<\/script><!-- Mailchimp for WordPress v4.10.9 - https:\/\/wordpress.org\/plugins\/mailchimp-for-wp\/ --><form id=\"mc4wp-form-1\" class=\"mc4wp-form mc4wp-form-306\" method=\"post\" data-id=\"306\" data-name=\"Eventchamp\" ><div class=\"mc4wp-form-fields\"><div class=\"gt-columns gt-column-3 gt-column-space-30\">\r\n  <div class=\"gt-col\">\r\n    <div class=\"gt-inner\">\r\n      <input type=\"email\" name=\"EMAIL\" placeholder=\"Enter email address\" required \/>\r\n    <\/div>\r\n  <\/div>\r\n  <div class=\"gt-col\">\r\n    <div class=\"gt-inner\">\r\n      <input type=\"text\" name=\"FNAME\" placeholder=\"Enter your name\">\r\n    <\/div>\r\n  <\/div>\r\n  <div class=\"gt-col\">\r\n    <div class=\"gt-inner\">\r\n      <button type=\"submit\">Submit<\/button>\r\n    <\/div>\r\n  <\/div>\r\n<\/div>\r\n<\/div><label style=\"display: none !important;\">Laissez ce champ vide si vous \u00eates humain\u00a0: <input type=\"text\" name=\"_mc4wp_honeypot\" value=\"\" tabindex=\"-1\" autocomplete=\"off\" \/><\/label><input type=\"hidden\" name=\"_mc4wp_timestamp\" value=\"1777601711\" \/><input type=\"hidden\" name=\"_mc4wp_form_id\" value=\"306\" \/><input type=\"hidden\" name=\"_mc4wp_form_element_id\" value=\"mc4wp-form-1\" \/><div class=\"mc4wp-response\"><\/div><\/form><!-- \/ Mailchimp for WordPress Plugin --><\/div>[\/vc_column][\/vc_row]<\/p>\n<\/div>","protected":false},"excerpt":{"rendered":"<p>[vc_row][vc_column width=\u00a0\u00bb1\/2&Prime;][vc_empty_space height=\u00a0\u00bb25px\u00a0\u00bb][vc_empty_space height=\u00a0\u00bb25px\u00a0\u00bb][\/vc_column][vc_column width=\u00a0\u00bb1\/2&Prime;][vc_empty_space height=\u00a0\u00bb25px\u00a0\u00bb][\/vc_column][\/vc_row]<\/p>\n","protected":false},"author":6,"featured_media":0,"parent":0,"menu_order":0,"comment_status":"closed","ping_status":"closed","template":"","meta":{"inline_featured_image":false,"footnotes":""},"class_list":["post-338","page","type-page","status-publish","hentry"],"yoast_head":"<!-- This site is optimized with the Yoast SEO plugin v26.5 - https:\/\/yoast.com\/wordpress\/plugins\/seo\/ -->\n<title>Footer - Afak Events<\/title>\n<meta name=\"robots\" content=\"index, follow, max-snippet:-1, max-image-preview:large, max-video-preview:-1\" \/>\n<link rel=\"canonical\" href=\"https:\/\/afakevents.com\/fr\/footer-style-1\/\" \/>\n<meta property=\"og:locale\" content=\"fr_FR\" \/>\n<meta property=\"og:type\" content=\"article\" \/>\n<meta property=\"og:title\" content=\"Footer - Afak Events\" \/>\n<meta property=\"og:description\" content=\"[vc_row][vc_column width=\u00a0\u00bb1\/2&Prime;][vc_empty_space height=\u00a0\u00bb25px\u00a0\u00bb][vc_empty_space height=\u00a0\u00bb25px\u00a0\u00bb][\/vc_column][vc_column width=\u00a0\u00bb1\/2&Prime;][vc_empty_space height=\u00a0\u00bb25px\u00a0\u00bb][\/vc_column][\/vc_row]\" \/>\n<meta property=\"og:url\" content=\"https:\/\/afakevents.com\/fr\/footer-style-1\/\" \/>\n<meta property=\"og:site_name\" content=\"Afak Events\" \/>\n<meta property=\"article:modified_time\" content=\"2024-07-01T13:14:09+00:00\" \/>\n<meta name=\"twitter:card\" content=\"summary_large_image\" \/>\n<meta name=\"twitter:label1\" content=\"Dur\u00e9e de lecture estim\u00e9e\" \/>\n\t<meta name=\"twitter:data1\" content=\"1 minute\" \/>\n<script type=\"application\/ld+json\" class=\"yoast-schema-graph\">{\"@context\":\"https:\/\/schema.org\",\"@graph\":[{\"@type\":\"WebPage\",\"@id\":\"https:\/\/afakevents.com\/fr\/footer-style-1\/\",\"url\":\"https:\/\/afakevents.com\/fr\/footer-style-1\/\",\"name\":\"Footer - Afak Events\",\"isPartOf\":{\"@id\":\"https:\/\/afakevents.com\/fr\/#website\"},\"datePublished\":\"2018-11-21T13:59:44+00:00\",\"dateModified\":\"2024-07-01T13:14:09+00:00\",\"breadcrumb\":{\"@id\":\"https:\/\/afakevents.com\/fr\/footer-style-1\/#breadcrumb\"},\"inLanguage\":\"fr-FR\",\"potentialAction\":[{\"@type\":\"ReadAction\",\"target\":[\"https:\/\/afakevents.com\/fr\/footer-style-1\/\"]}]},{\"@type\":\"BreadcrumbList\",\"@id\":\"https:\/\/afakevents.com\/fr\/footer-style-1\/#breadcrumb\",\"itemListElement\":[{\"@type\":\"ListItem\",\"position\":1,\"name\":\"Home\",\"item\":\"https:\/\/afakevents.com\/fr\/\"},{\"@type\":\"ListItem\",\"position\":2,\"name\":\"Footer\"}]},{\"@type\":\"WebSite\",\"@id\":\"https:\/\/afakevents.com\/fr\/#website\",\"url\":\"https:\/\/afakevents.com\/fr\/\",\"name\":\"Afak Events\",\"description\":\"\",\"potentialAction\":[{\"@type\":\"SearchAction\",\"target\":{\"@type\":\"EntryPoint\",\"urlTemplate\":\"https:\/\/afakevents.com\/fr\/?s={search_term_string}\"},\"query-input\":{\"@type\":\"PropertyValueSpecification\",\"valueRequired\":true,\"valueName\":\"search_term_string\"}}],\"inLanguage\":\"fr-FR\"}]}<\/script>\n<!-- \/ Yoast SEO plugin. -->","yoast_head_json":{"title":"Footer - Afak Events","robots":{"index":"index","follow":"follow","max-snippet":"max-snippet:-1","max-image-preview":"max-image-preview:large","max-video-preview":"max-video-preview:-1"},"canonical":"https:\/\/afakevents.com\/fr\/footer-style-1\/","og_locale":"fr_FR","og_type":"article","og_title":"Footer - Afak Events","og_description":"[vc_row][vc_column width=\u00a0\u00bb1\/2&Prime;][vc_empty_space height=\u00a0\u00bb25px\u00a0\u00bb][vc_empty_space height=\u00a0\u00bb25px\u00a0\u00bb][\/vc_column][vc_column width=\u00a0\u00bb1\/2&Prime;][vc_empty_space height=\u00a0\u00bb25px\u00a0\u00bb][\/vc_column][\/vc_row]","og_url":"https:\/\/afakevents.com\/fr\/footer-style-1\/","og_site_name":"Afak Events","article_modified_time":"2024-07-01T13:14:09+00:00","twitter_card":"summary_large_image","twitter_misc":{"Dur\u00e9e de lecture estim\u00e9e":"1 minute"},"schema":{"@context":"https:\/\/schema.org","@graph":[{"@type":"WebPage","@id":"https:\/\/afakevents.com\/fr\/footer-style-1\/","url":"https:\/\/afakevents.com\/fr\/footer-style-1\/","name":"Footer - Afak Events","isPartOf":{"@id":"https:\/\/afakevents.com\/fr\/#website"},"datePublished":"2018-11-21T13:59:44+00:00","dateModified":"2024-07-01T13:14:09+00:00","breadcrumb":{"@id":"https:\/\/afakevents.com\/fr\/footer-style-1\/#breadcrumb"},"inLanguage":"fr-FR","potentialAction":[{"@type":"ReadAction","target":["https:\/\/afakevents.com\/fr\/footer-style-1\/"]}]},{"@type":"BreadcrumbList","@id":"https:\/\/afakevents.com\/fr\/footer-style-1\/#breadcrumb","itemListElement":[{"@type":"ListItem","position":1,"name":"Home","item":"https:\/\/afakevents.com\/fr\/"},{"@type":"ListItem","position":2,"name":"Footer"}]},{"@type":"WebSite","@id":"https:\/\/afakevents.com\/fr\/#website","url":"https:\/\/afakevents.com\/fr\/","name":"Afak Events","description":"","potentialAction":[{"@type":"SearchAction","target":{"@type":"EntryPoint","urlTemplate":"https:\/\/afakevents.com\/fr\/?s={search_term_string}"},"query-input":{"@type":"PropertyValueSpecification","valueRequired":true,"valueName":"search_term_string"}}],"inLanguage":"fr-FR"}]}},"_links":{"self":[{"href":"https:\/\/afakevents.com\/fr\/wp-json\/wp\/v2\/pages\/338","targetHints":{"allow":["GET"]}}],"collection":[{"href":"https:\/\/afakevents.com\/fr\/wp-json\/wp\/v2\/pages"}],"about":[{"href":"https:\/\/afakevents.com\/fr\/wp-json\/wp\/v2\/types\/page"}],"author":[{"embeddable":true,"href":"https:\/\/afakevents.com\/fr\/wp-json\/wp\/v2\/users\/6"}],"replies":[{"embeddable":true,"href":"https:\/\/afakevents.com\/fr\/wp-json\/wp\/v2\/comments?post=338"}],"version-history":[{"count":7,"href":"https:\/\/afakevents.com\/fr\/wp-json\/wp\/v2\/pages\/338\/revisions"}],"predecessor-version":[{"id":2451,"href":"https:\/\/afakevents.com\/fr\/wp-json\/wp\/v2\/pages\/338\/revisions\/2451"}],"wp:attachment":[{"href":"https:\/\/afakevents.com\/fr\/wp-json\/wp\/v2\/media?parent=338"}],"curies":[{"name":"wp","href":"https:\/\/api.w.org\/{rel}","templated":true}]}}