{"id":1569,"date":"2018-12-08T11:00:35","date_gmt":"2018-12-08T11:00:35","guid":{"rendered":"https:\/\/demo.gloriathemes.com\/eventchamp\/demo\/?page_id=1569"},"modified":"2019-06-28T08:35:41","modified_gmt":"2019-06-28T08:35:41","slug":"hakkimizda","status":"publish","type":"page","link":"https:\/\/afakevents.com\/tr\/hakkimizda\/","title":{"rendered":"Hakk\u0131m\u0131zda"},"content":{"rendered":"<div class=\"wpb-content-wrapper\"><p>[vc_row][vc_column][vc_empty_space]<div class=\"gt-heading gt-dark gt-size1 gt-align-center\"><div class=\"gt-title\">Hakk\u0131m\u0131zda<\/div><div class=\"gt-separate\"><i class=\"fas fa-certificate\"><\/i><\/div><\/div>[vc_column_text]AFAK EVENTS FUARCILIK Ve TICARET LTD \u015firketi yurti\u00e7inde ve yurtd\u0131\u015f\u0131nda y\u00fcr\u00fct\u00fclen bir dizi faaliyetlerin aras\u0131nda olan, orta do\u011fu ve kuzey afrika b\u00f6lgesinde faaliyet g\u00f6steren i\u015f d\u00fcnyas\u0131na ticari ve ekonomik \u00e7\u00f6z\u00fcmleri i\u00e7eren bir paket olu\u015fturmak i\u00e7in Etkili ve entegre bir platformun in\u015fas\u0131n\u0131 g\u00f6rev edinmi\u015ftir. Profesyonelce d\u00fczenlenen fuar ve kongreler; Kat\u0131lan tara\ufb02ar\u0131n istenilen hede\ufb02ere ula\u015fmasi soncunda \u00fclkeler aras\u0131 ticaret hacminin artmas\u0131na neden olacakt\u0131r ;bu tarihi g\u00f6rev bu i\u015fi benimseyen ve bu faaliyetleri d\u00fczenleyen kurumlar\u0131n sorumlulu\u011fundad\u0131r, Kalite standartlar\u0131n\u0131 g\u00f6z \u00f6n\u00fcnde bulunduran ve uygulayan kurumlar bu i\u015flerin laik bir \u015fekilde hedefe varmas\u0131n\u0131 sa\u011flamaktad\u0131r. aktiv alanda faaliyet g\u00f6steren karde\u015f ve ortak \ufb01rmalarla i\u015fbirli\u011fi i\u00e7inde \u00e7al\u0131\u015farak bu buyuk yukun alt\u0131ndan kalkmay\u0131 hede\ufb02iyoruz. Allah yar ve yard\u0131mc\u0131m\u0131z olsun[\/vc_column_text][\/vc_column][\/vc_row][vc_row][vc_column]<div class=\"gt-heading gt-dark gt-size1 gt-align-center\"><div class=\"gt-title\">CEO&#039;nun <span>Mesaj\u0131<\/span><\/div><div class=\"gt-separate\"><i class=\"far fa-comment\"><\/i><\/div><\/div>[\/vc_column][\/vc_row][vc_row][vc_column width=&#8221;1\/4&#8243;][vc_single_image image=&#8221;2175&#8243; img_size=&#8221;300&#215;300&#8243; style=&#8221;vc_box_shadow_3d&#8221;]<div class=\"gt-heading gt-dark gt-size2 gt-align-center\"><div class=\"gt-title\">El Hadi Bekai<\/div><\/div>[\/vc_column][vc_column width=&#8221;3\/4&#8243;][vc_column_text]<\/p>\n<p style=\"text-align: left;\">Bizim alanda mesleki ba\u015fr\u0131lar\u0131n en \u00f6nemli etkenlerinden analizlerin ve verilerin i\u00e7erdi\u011fi say\u0131sal ve do\u011frular\u0131 faaliyet, forum, konferans ve fuarlara d\u00f6n\u00fc\u015ft\u00fcrmektir. buda ekonomik \u00e7ark\u0131 t\u00fcm d\u00fczeylerde ileriye itilmesini sa\u011fl\u0131yacakt\u0131r . Y\u00fczy\u00fcze g\u00f6r\u00fc\u015fmelerin i\u015f ba\u011flama a\u00e7\u0131s\u0131ndan ve daha pratik oldu\u011fundan di\u011fer ba\u011flant\u0131 araclar\u0131na \u00e7o\u011fu i\u015fadam\u0131 taraf\u0131ndan tercih edilmektedir . bu ilke ve hede\ufb02ere hizmet etmek i\u00e7in bu t\u00fcr platformlar\u0131n in\u015fas\u0131 ve ticari forumlar\u0131n d\u00fczenlemesi ka\u00e7\u0131n\u0131lmaz oldu . Gurur duydu\u011fumuz ve mesleki tecr\u00fcbesi y\u00fcksek olan ekibimiz; m\u00fc\u015fterilerimizin ihtiya\u00e7lar\u0131na cevap verebilme ve onlarla uzun soluklu \u00e7al\u0131\u015fabilemeyi birincil hedef olarak kendine ilke edilmi\u015ftir.<\/p>\n<p style=\"text-align: left;\">Uluslar aras\u0131 olarakta dost ve karde\u015f \u00fclkeler s\u00fcrekli kendi \u00fcretimlerinin reklam\u0131n\u0131 yaparak ticaret hacmini ,\u00fcretimini ve ihracat\u0131n\u0131 art\u0131rmak \u00e7abas\u0131nda : forum, konferans ve fuarlar d\u00fczenlenmeden bu hede\ufb02erin ger\u00e7ekle\u015fmesi m\u00fcmk\u00fcn de\u011fildir. bahsi ge\u00e7en bu dev ekonomik \u00e7ark\u0131n d\u00f6nmesinde bizim rolumuz ortaya \u00e7\u0131k\u0131yor: bizde bilimsel ve modern yollar\u0131 kullanarak elimizden gelen katk\u0131y\u0131 sa\u011flamay\u0131 hede\ufb02iyoruz Allah yar ve yard\u0131mc\u0131m\u0131z olsun<\/p>\n<p>[\/vc_column_text][\/vc_column][\/vc_row][vc_row][vc_column][vc_empty_space height=&#8221;64px&#8221;][\/vc_column][\/vc_row]<\/p>\n<\/div>","protected":false},"excerpt":{"rendered":"<p>[vc_row][vc_column][vc_empty_space][vc_column_text]AFAK EVENTS FUARCILIK Ve TICARET LTD \u015firketi yurti\u00e7inde ve yurtd\u0131\u015f\u0131nda y\u00fcr\u00fct\u00fclen bir dizi faaliyetlerin aras\u0131nda olan, orta do\u011fu ve kuzey afrika b\u00f6lgesinde faaliyet g\u00f6steren i\u015f d\u00fcnyas\u0131na ticari ve ekonomik \u00e7\u00f6z\u00fcmleri i\u00e7eren bir paket olu\u015fturmak i\u00e7in Etkili ve entegre bir platformun&#8230;<\/p>\n","protected":false},"author":4,"featured_media":0,"parent":0,"menu_order":0,"comment_status":"closed","ping_status":"closed","template":"","meta":{"inline_featured_image":false,"footnotes":""},"class_list":["post-1569","page","type-page","status-publish","hentry"],"yoast_head":"<!-- This site is optimized with the Yoast SEO plugin v26.5 - https:\/\/yoast.com\/wordpress\/plugins\/seo\/ -->\n<title>Hakk\u0131m\u0131zda - Afak Events<\/title>\n<meta name=\"robots\" content=\"index, follow, max-snippet:-1, max-image-preview:large, max-video-preview:-1\" \/>\n<link rel=\"canonical\" href=\"https:\/\/afakevents.com\/tr\/hakkimizda\/\" \/>\n<meta property=\"og:locale\" content=\"tr_TR\" \/>\n<meta property=\"og:type\" content=\"article\" \/>\n<meta property=\"og:title\" content=\"Hakk\u0131m\u0131zda - Afak Events\" \/>\n<meta property=\"og:description\" content=\"[vc_row][vc_column][vc_empty_space][vc_column_text]AFAK EVENTS FUARCILIK Ve TICARET LTD \u015firketi yurti\u00e7inde ve yurtd\u0131\u015f\u0131nda y\u00fcr\u00fct\u00fclen bir dizi faaliyetlerin aras\u0131nda olan, orta do\u011fu ve kuzey afrika b\u00f6lgesinde faaliyet g\u00f6steren i\u015f d\u00fcnyas\u0131na ticari ve ekonomik \u00e7\u00f6z\u00fcmleri i\u00e7eren bir paket olu\u015fturmak i\u00e7in Etkili ve entegre bir platformun...\" \/>\n<meta property=\"og:url\" content=\"https:\/\/afakevents.com\/tr\/hakkimizda\/\" \/>\n<meta property=\"og:site_name\" content=\"Afak Events\" \/>\n<meta property=\"article:modified_time\" content=\"2019-06-28T08:35:41+00:00\" \/>\n<meta name=\"twitter:card\" content=\"summary_large_image\" \/>\n<meta name=\"twitter:label1\" content=\"Tahmini okuma s\u00fcresi\" \/>\n\t<meta name=\"twitter:data1\" content=\"2 dakika\" \/>\n<script type=\"application\/ld+json\" class=\"yoast-schema-graph\">{\"@context\":\"https:\/\/schema.org\",\"@graph\":[{\"@type\":\"WebPage\",\"@id\":\"https:\/\/afakevents.com\/tr\/hakkimizda\/\",\"url\":\"https:\/\/afakevents.com\/tr\/hakkimizda\/\",\"name\":\"Hakk\u0131m\u0131zda - Afak Events\",\"isPartOf\":{\"@id\":\"https:\/\/afakevents.com\/tr\/#website\"},\"datePublished\":\"2018-12-08T11:00:35+00:00\",\"dateModified\":\"2019-06-28T08:35:41+00:00\",\"breadcrumb\":{\"@id\":\"https:\/\/afakevents.com\/tr\/hakkimizda\/#breadcrumb\"},\"inLanguage\":\"tr\",\"potentialAction\":[{\"@type\":\"ReadAction\",\"target\":[\"https:\/\/afakevents.com\/tr\/hakkimizda\/\"]}]},{\"@type\":\"BreadcrumbList\",\"@id\":\"https:\/\/afakevents.com\/tr\/hakkimizda\/#breadcrumb\",\"itemListElement\":[{\"@type\":\"ListItem\",\"position\":1,\"name\":\"Home\",\"item\":\"https:\/\/afakevents.com\/tr\/\"},{\"@type\":\"ListItem\",\"position\":2,\"name\":\"Hakk\u0131m\u0131zda\"}]},{\"@type\":\"WebSite\",\"@id\":\"https:\/\/afakevents.com\/tr\/#website\",\"url\":\"https:\/\/afakevents.com\/tr\/\",\"name\":\"Afak Events\",\"description\":\"\",\"potentialAction\":[{\"@type\":\"SearchAction\",\"target\":{\"@type\":\"EntryPoint\",\"urlTemplate\":\"https:\/\/afakevents.com\/tr\/?s={search_term_string}\"},\"query-input\":{\"@type\":\"PropertyValueSpecification\",\"valueRequired\":true,\"valueName\":\"search_term_string\"}}],\"inLanguage\":\"tr\"}]}<\/script>\n<!-- \/ Yoast SEO plugin. -->","yoast_head_json":{"title":"Hakk\u0131m\u0131zda - Afak Events","robots":{"index":"index","follow":"follow","max-snippet":"max-snippet:-1","max-image-preview":"max-image-preview:large","max-video-preview":"max-video-preview:-1"},"canonical":"https:\/\/afakevents.com\/tr\/hakkimizda\/","og_locale":"tr_TR","og_type":"article","og_title":"Hakk\u0131m\u0131zda - Afak Events","og_description":"[vc_row][vc_column][vc_empty_space][vc_column_text]AFAK EVENTS FUARCILIK Ve TICARET LTD \u015firketi yurti\u00e7inde ve yurtd\u0131\u015f\u0131nda y\u00fcr\u00fct\u00fclen bir dizi faaliyetlerin aras\u0131nda olan, orta do\u011fu ve kuzey afrika b\u00f6lgesinde faaliyet g\u00f6steren i\u015f d\u00fcnyas\u0131na ticari ve ekonomik \u00e7\u00f6z\u00fcmleri i\u00e7eren bir paket olu\u015fturmak i\u00e7in Etkili ve entegre bir platformun...","og_url":"https:\/\/afakevents.com\/tr\/hakkimizda\/","og_site_name":"Afak Events","article_modified_time":"2019-06-28T08:35:41+00:00","twitter_card":"summary_large_image","twitter_misc":{"Tahmini okuma s\u00fcresi":"2 dakika"},"schema":{"@context":"https:\/\/schema.org","@graph":[{"@type":"WebPage","@id":"https:\/\/afakevents.com\/tr\/hakkimizda\/","url":"https:\/\/afakevents.com\/tr\/hakkimizda\/","name":"Hakk\u0131m\u0131zda - Afak Events","isPartOf":{"@id":"https:\/\/afakevents.com\/tr\/#website"},"datePublished":"2018-12-08T11:00:35+00:00","dateModified":"2019-06-28T08:35:41+00:00","breadcrumb":{"@id":"https:\/\/afakevents.com\/tr\/hakkimizda\/#breadcrumb"},"inLanguage":"tr","potentialAction":[{"@type":"ReadAction","target":["https:\/\/afakevents.com\/tr\/hakkimizda\/"]}]},{"@type":"BreadcrumbList","@id":"https:\/\/afakevents.com\/tr\/hakkimizda\/#breadcrumb","itemListElement":[{"@type":"ListItem","position":1,"name":"Home","item":"https:\/\/afakevents.com\/tr\/"},{"@type":"ListItem","position":2,"name":"Hakk\u0131m\u0131zda"}]},{"@type":"WebSite","@id":"https:\/\/afakevents.com\/tr\/#website","url":"https:\/\/afakevents.com\/tr\/","name":"Afak Events","description":"","potentialAction":[{"@type":"SearchAction","target":{"@type":"EntryPoint","urlTemplate":"https:\/\/afakevents.com\/tr\/?s={search_term_string}"},"query-input":{"@type":"PropertyValueSpecification","valueRequired":true,"valueName":"search_term_string"}}],"inLanguage":"tr"}]}},"_links":{"self":[{"href":"https:\/\/afakevents.com\/tr\/wp-json\/wp\/v2\/pages\/1569","targetHints":{"allow":["GET"]}}],"collection":[{"href":"https:\/\/afakevents.com\/tr\/wp-json\/wp\/v2\/pages"}],"about":[{"href":"https:\/\/afakevents.com\/tr\/wp-json\/wp\/v2\/types\/page"}],"author":[{"embeddable":true,"href":"https:\/\/afakevents.com\/tr\/wp-json\/wp\/v2\/users\/4"}],"replies":[{"embeddable":true,"href":"https:\/\/afakevents.com\/tr\/wp-json\/wp\/v2\/comments?post=1569"}],"version-history":[{"count":7,"href":"https:\/\/afakevents.com\/tr\/wp-json\/wp\/v2\/pages\/1569\/revisions"}],"predecessor-version":[{"id":2180,"href":"https:\/\/afakevents.com\/tr\/wp-json\/wp\/v2\/pages\/1569\/revisions\/2180"}],"wp:attachment":[{"href":"https:\/\/afakevents.com\/tr\/wp-json\/wp\/v2\/media?parent=1569"}],"curies":[{"name":"wp","href":"https:\/\/api.w.org\/{rel}","templated":true}]}}