{"id":875,"date":"2018-12-01T10:49:05","date_gmt":"2018-12-01T10:49:05","guid":{"rendered":"https:\/\/demo.gloriathemes.com\/eventchamp\/demo\/?page_id=875"},"modified":"2024-07-01T13:15:35","modified_gmt":"2024-07-01T13:15:35","slug":"iletisim","status":"publish","type":"page","link":"https:\/\/afakevents.com\/tr\/iletisim\/","title":{"rendered":"\u0130LET\u0130\u015e\u0130M"},"content":{"rendered":"<div class=\"wpb-content-wrapper\"><p>[vc_row full_width=&#8221;stretch_row_content_no_spaces&#8221;][vc_column][vc_gmaps link=&#8221;#E-8_JTNDaWZyYW1lJTIwc3JjJTNEJTIyaHR0cHMlM0ElMkYlMkZ3d3cuZ29vZ2xlLmNvbSUyRm1hcHMlMkZlbWJlZCUzRnBiJTNEJTIxMW0xOCUyMTFtMTIlMjExbTMlMjExZDMwMTEuMzAzNTY1OTg5NTY5JTIxMmQyOC44MjE1OTUxMjI3NDU5NzIlMjEzZDQwLjk5NjcyODQzODk5ODEwNSUyMTJtMyUyMTFmMCUyMTJmMCUyMTNmMCUyMTNtMiUyMTFpMTAyNCUyMTJpNzY4JTIxNGYxMy4xJTIxM20zJTIxMW0yJTIxMXMweDE0Y2FhMzYzMzE1NmQ5ZmYlMjUzQTB4YmEyYzUwMGMxNGU5ZWQwNiUyMTJzTmlzaCUyNTIwJTI1QzQlMjVCMHN0YW5idWwlMjE1ZTAlMjEzbTIlMjExc2VuJTIxMnN0ciUyMTR2MTcxOTgzOTIyMTY1NyUyMTVtMiUyMTFzZW4lMjEyc3RyJTIyJTIwd2lkdGglM0QlMjI2MDAlMjIlMjBoZWlnaHQlM0QlMjI0NTAlMjIlMjBzdHlsZSUzRCUyMmJvcmRlciUzQTAlM0IlMjIlMjBhbGxvd2Z1bGxzY3JlZW4lM0QlMjIlMjIlMjBsb2FkaW5nJTNEJTIybGF6eSUyMiUyMHJlZmVycmVycG9saWN5JTNEJTIybm8tcmVmZXJyZXItd2hlbi1kb3duZ3JhZGUlMjIlM0UlM0MlMkZpZnJhbWUlM0U=&#8221; size=&#8221;700px&#8221;][\/vc_column][\/vc_row][vc_row][vc_column offset=&#8221;vc_col-lg-2 vc_col-md-2 vc_hidden-sm vc_col-xs-12 vc_hidden-xs&#8221;][\/vc_column][vc_column offset=&#8221;vc_col-lg-8 vc_col-md-8 vc_col-xs-12&#8243;][vc_empty_space height=&#8221;110px&#8221;]<div class=\"gt-heading gt-dark gt-size1 gt-align-center\"><div class=\"gt-title\">Bizimle ileti\u015fime ge\u00e7in<\/div><div class=\"gt-separate\"><i class=\"far fa-envelope\"><\/i><\/div><\/div>[vc_column_text css=&#8221;.vc_custom_1719839710663{margin-bottom: 0px !important;}&#8221;]<\/p>\n<div class=\"wpb_text_column wpb_content_element\">\n<div class=\"wpb_wrapper\">\n<p style=\"text-align: center;\">+90 501 333 45 55<br \/>\ninfo@afakevents.com<br \/>\n\u00c7OBAN\u00c7E\u015eME MAH. SANAY\u0130 CAD.<br \/>\nN\u0130SH RESIDENCE, D BLOK No: 44 D \/ 32<br \/>\nBAH\u00c7EL\u0130EVLER\u00a0\/\u00a0\u0130STANBUL<\/p>\n<\/div>\n<\/div>\n<div id=\"gtx-trans\" style=\"position: absolute; left: 1px; top: 38px;\">\n<div class=\"gtx-trans-icon\"><\/div>\n<\/div>\n<p>[\/vc_column_text][vc_empty_space height=&#8221;64px&#8221;]\n<div class=\"wpcf7 no-js\" id=\"wpcf7-f1761-o1\" lang=\"en-US\" dir=\"ltr\" data-wpcf7-id=\"1761\">\n<div class=\"screen-reader-response\"><p role=\"status\" aria-live=\"polite\" aria-atomic=\"true\"><\/p> <ul><\/ul><\/div>\n<form action=\"\/tr\/wp-json\/wp\/v2\/pages\/875#wpcf7-f1761-o1\" method=\"post\" class=\"wpcf7-form init\" aria-label=\"Contact form\" novalidate=\"novalidate\" data-status=\"init\">\n<fieldset class=\"hidden-fields-container\"><input type=\"hidden\" name=\"_wpcf7\" value=\"1761\" \/><input type=\"hidden\" name=\"_wpcf7_version\" value=\"6.1.4\" \/><input type=\"hidden\" name=\"_wpcf7_locale\" value=\"en_US\" \/><input type=\"hidden\" name=\"_wpcf7_unit_tag\" value=\"wpcf7-f1761-o1\" \/><input type=\"hidden\" name=\"_wpcf7_container_post\" value=\"0\" \/><input type=\"hidden\" name=\"_wpcf7_posted_data_hash\" value=\"\" \/><input type=\"hidden\" name=\"_wpcf7_recaptcha_response\" value=\"\" \/>\n<\/fieldset>\n<div class=\"gt-columns gt-column-1 gt-column-space-15\">\n  <div class=\"gt-col\">\n    <div class=\"gt-inner\">\n      <span class=\"wpcf7-form-control-wrap\" data-name=\"your-name\"><input size=\"40\" maxlength=\"400\" class=\"wpcf7-form-control wpcf7-text wpcf7-validates-as-required\" aria-required=\"true\" aria-invalid=\"false\" placeholder=\"Ad\u0131n\u0131z\" value=\"\" type=\"text\" name=\"your-name\" \/><\/span>\n    <\/div>\n  <\/div>\n  <div class=\"gt-col\">\n    <div class=\"gt-inner\">\n      <span class=\"wpcf7-form-control-wrap\" data-name=\"your-email\"><input size=\"40\" maxlength=\"400\" class=\"wpcf7-form-control wpcf7-email wpcf7-validates-as-required wpcf7-text wpcf7-validates-as-email\" aria-required=\"true\" aria-invalid=\"false\" placeholder=\"E-posta Adresiniz\" value=\"\" type=\"email\" name=\"your-email\" \/><\/span>\n    <\/div>\n  <\/div>\n  <div class=\"gt-col\">\n    <div class=\"gt-inner\">\n      <span class=\"wpcf7-form-control-wrap\" data-name=\"your-subject\"><input size=\"40\" maxlength=\"400\" class=\"wpcf7-form-control wpcf7-text wpcf7-validates-as-required\" aria-required=\"true\" aria-invalid=\"false\" placeholder=\"Konu\" value=\"\" type=\"text\" name=\"your-subject\" \/><\/span>\n    <\/div>\n  <\/div>\n  <div class=\"gt-col\">\n    <div class=\"gt-inner\">\n      <span class=\"wpcf7-form-control-wrap\" data-name=\"your-message\"><textarea cols=\"40\" rows=\"5\" maxlength=\"2000\" class=\"wpcf7-form-control wpcf7-textarea\" aria-invalid=\"false\" placeholder=\"Mesaj\" name=\"your-message\"><\/textarea><\/span>\n    <\/div>\n  <\/div>\n  <div class=\"gt-col\">\n    <div class=\"gt-inner\">\n      <input class=\"wpcf7-form-control wpcf7-submit has-spinner\" type=\"submit\" value=\"G\u00f6nder\" \/>\n    <\/div>\n  <\/div>\n<\/div><p style=\"display: none !important;\" class=\"akismet-fields-container\" data-prefix=\"_wpcf7_ak_\"><label>&#916;<textarea name=\"_wpcf7_ak_hp_textarea\" cols=\"45\" rows=\"8\" maxlength=\"100\"><\/textarea><\/label><input type=\"hidden\" id=\"ak_js_1\" name=\"_wpcf7_ak_js\" value=\"112\"\/><script>document.getElementById( \"ak_js_1\" ).setAttribute( \"value\", ( new Date() ).getTime() );<\/script><\/p><div class=\"wpcf7-response-output\" aria-hidden=\"true\"><\/div>\n<\/form>\n<\/div>\n[vc_empty_space height=&#8221;30px&#8221;][\/vc_column][vc_column offset=&#8221;vc_col-lg-2 vc_col-md-2 vc_hidden-sm vc_col-xs-12 vc_hidden-xs&#8221;][\/vc_column][\/vc_row]<\/p>\n<\/div>","protected":false},"excerpt":{"rendered":"<p>[vc_row full_width=&#8221;stretch_row_content_no_spaces&#8221;][vc_column][vc_gmaps link=&#8221;#E-8_JTNDaWZyYW1lJTIwc3JjJTNEJTIyaHR0cHMlM0ElMkYlMkZ3d3cuZ29vZ2xlLmNvbSUyRm1hcHMlMkZlbWJlZCUzRnBiJTNEJTIxMW0xOCUyMTFtMTIlMjExbTMlMjExZDMwMTEuMzAzNTY1OTg5NTY5JTIxMmQyOC44MjE1OTUxMjI3NDU5NzIlMjEzZDQwLjk5NjcyODQzODk5ODEwNSUyMTJtMyUyMTFmMCUyMTJmMCUyMTNmMCUyMTNtMiUyMTFpMTAyNCUyMTJpNzY4JTIxNGYxMy4xJTIxM20zJTIxMW0yJTIxMXMweDE0Y2FhMzYzMzE1NmQ5ZmYlMjUzQTB4YmEyYzUwMGMxNGU5ZWQwNiUyMTJzTmlzaCUyNTIwJTI1QzQlMjVCMHN0YW5idWwlMjE1ZTAlMjEzbTIlMjExc2VuJTIxMnN0ciUyMTR2MTcxOTgzOTIyMTY1NyUyMTVtMiUyMTFzZW4lMjEyc3RyJTIyJTIwd2lkdGglM0QlMjI2MDAlMjIlMjBoZWlnaHQlM0QlMjI0NTAlMjIlMjBzdHlsZSUzRCUyMmJvcmRlciUzQTAlM0IlMjIlMjBhbGxvd2Z1bGxzY3JlZW4lM0QlMjIlMjIlMjBsb2FkaW5nJTNEJTIybGF6eSUyMiUyMHJlZmVycmVycG9saWN5JTNEJTIybm8tcmVmZXJyZXItd2hlbi1kb3duZ3JhZGUlMjIlM0UlM0MlMkZpZnJhbWUlM0U=&#8221; size=&#8221;700px&#8221;][\/vc_column][\/vc_row][vc_row][vc_column offset=&#8221;vc_col-lg-2 vc_col-md-2 vc_hidden-sm vc_col-xs-12 vc_hidden-xs&#8221;][\/vc_column][vc_column offset=&#8221;vc_col-lg-8 vc_col-md-8 vc_col-xs-12&#8243;][vc_empty_space height=&#8221;110px&#8221;][vc_column_text css=&#8221;.vc_custom_1719839710663{margin-bottom: 0px !important;}&#8221;] +90 501 333 45 55 info@afakevents.com \u00c7OBAN\u00c7E\u015eME MAH. SANAY\u0130 CAD. N\u0130SH RESIDENCE, D BLOK No: 44 D \/ 32 BAH\u00c7EL\u0130EVLER\u00a0\/\u00a0\u0130STANBUL [\/vc_column_text][vc_empty_space height=&#8221;64px&#8221;][vc_empty_space height=&#8221;30px&#8221;][\/vc_column][vc_column offset=&#8221;vc_col-lg-2&#8230;<\/p>\n","protected":false},"author":4,"featured_media":0,"parent":0,"menu_order":0,"comment_status":"closed","ping_status":"closed","template":"","meta":{"inline_featured_image":false,"footnotes":""},"class_list":["post-875","page","type-page","status-publish","hentry"],"yoast_head":"<!-- This site is optimized with the Yoast SEO plugin v26.5 - https:\/\/yoast.com\/wordpress\/plugins\/seo\/ -->\n<title>\u0130LET\u0130\u015e\u0130M - Afak Events<\/title>\n<meta name=\"robots\" content=\"index, follow, max-snippet:-1, max-image-preview:large, max-video-preview:-1\" \/>\n<link rel=\"canonical\" href=\"https:\/\/afakevents.com\/tr\/iletisim\/\" \/>\n<meta property=\"og:locale\" content=\"tr_TR\" \/>\n<meta property=\"og:type\" content=\"article\" \/>\n<meta property=\"og:title\" content=\"\u0130LET\u0130\u015e\u0130M - Afak Events\" \/>\n<meta property=\"og:description\" content=\"[vc_row full_width=&#8221;stretch_row_content_no_spaces&#8221;][vc_column][vc_gmaps link=&#8221;#E-8_JTNDaWZyYW1lJTIwc3JjJTNEJTIyaHR0cHMlM0ElMkYlMkZ3d3cuZ29vZ2xlLmNvbSUyRm1hcHMlMkZlbWJlZCUzRnBiJTNEJTIxMW0xOCUyMTFtMTIlMjExbTMlMjExZDMwMTEuMzAzNTY1OTg5NTY5JTIxMmQyOC44MjE1OTUxMjI3NDU5NzIlMjEzZDQwLjk5NjcyODQzODk5ODEwNSUyMTJtMyUyMTFmMCUyMTJmMCUyMTNmMCUyMTNtMiUyMTFpMTAyNCUyMTJpNzY4JTIxNGYxMy4xJTIxM20zJTIxMW0yJTIxMXMweDE0Y2FhMzYzMzE1NmQ5ZmYlMjUzQTB4YmEyYzUwMGMxNGU5ZWQwNiUyMTJzTmlzaCUyNTIwJTI1QzQlMjVCMHN0YW5idWwlMjE1ZTAlMjEzbTIlMjExc2VuJTIxMnN0ciUyMTR2MTcxOTgzOTIyMTY1NyUyMTVtMiUyMTFzZW4lMjEyc3RyJTIyJTIwd2lkdGglM0QlMjI2MDAlMjIlMjBoZWlnaHQlM0QlMjI0NTAlMjIlMjBzdHlsZSUzRCUyMmJvcmRlciUzQTAlM0IlMjIlMjBhbGxvd2Z1bGxzY3JlZW4lM0QlMjIlMjIlMjBsb2FkaW5nJTNEJTIybGF6eSUyMiUyMHJlZmVycmVycG9saWN5JTNEJTIybm8tcmVmZXJyZXItd2hlbi1kb3duZ3JhZGUlMjIlM0UlM0MlMkZpZnJhbWUlM0U=&#8221; size=&#8221;700px&#8221;][\/vc_column][\/vc_row][vc_row][vc_column offset=&#8221;vc_col-lg-2 vc_col-md-2 vc_hidden-sm vc_col-xs-12 vc_hidden-xs&#8221;][\/vc_column][vc_column offset=&#8221;vc_col-lg-8 vc_col-md-8 vc_col-xs-12&#8243;][vc_empty_space height=&#8221;110px&#8221;][vc_column_text css=&#8221;.vc_custom_1719839710663{margin-bottom: 0px !important;}&#8221;] +90 501 333 45 55 info@afakevents.com \u00c7OBAN\u00c7E\u015eME MAH. SANAY\u0130 CAD. N\u0130SH RESIDENCE, D BLOK No: 44 D \/ 32 BAH\u00c7EL\u0130EVLER\u00a0\/\u00a0\u0130STANBUL [\/vc_column_text][vc_empty_space height=&#8221;64px&#8221;][vc_empty_space height=&#8221;30px&#8221;][\/vc_column][vc_column offset=&#8221;vc_col-lg-2...\" \/>\n<meta property=\"og:url\" content=\"https:\/\/afakevents.com\/tr\/iletisim\/\" \/>\n<meta property=\"og:site_name\" content=\"Afak Events\" \/>\n<meta property=\"article:modified_time\" content=\"2024-07-01T13:15:35+00:00\" \/>\n<meta name=\"twitter:card\" content=\"summary_large_image\" \/>\n<meta name=\"twitter:label1\" content=\"Tahmini okuma s\u00fcresi\" \/>\n\t<meta name=\"twitter:data1\" content=\"1 dakika\" \/>\n<script type=\"application\/ld+json\" class=\"yoast-schema-graph\">{\"@context\":\"https:\/\/schema.org\",\"@graph\":[{\"@type\":\"WebPage\",\"@id\":\"https:\/\/afakevents.com\/tr\/iletisim\/\",\"url\":\"https:\/\/afakevents.com\/tr\/iletisim\/\",\"name\":\"\u0130LET\u0130\u015e\u0130M - Afak Events\",\"isPartOf\":{\"@id\":\"https:\/\/afakevents.com\/tr\/#website\"},\"datePublished\":\"2018-12-01T10:49:05+00:00\",\"dateModified\":\"2024-07-01T13:15:35+00:00\",\"breadcrumb\":{\"@id\":\"https:\/\/afakevents.com\/tr\/iletisim\/#breadcrumb\"},\"inLanguage\":\"tr\",\"potentialAction\":[{\"@type\":\"ReadAction\",\"target\":[\"https:\/\/afakevents.com\/tr\/iletisim\/\"]}]},{\"@type\":\"BreadcrumbList\",\"@id\":\"https:\/\/afakevents.com\/tr\/iletisim\/#breadcrumb\",\"itemListElement\":[{\"@type\":\"ListItem\",\"position\":1,\"name\":\"Home\",\"item\":\"https:\/\/afakevents.com\/tr\/\"},{\"@type\":\"ListItem\",\"position\":2,\"name\":\"\u0130LET\u0130\u015e\u0130M\"}]},{\"@type\":\"WebSite\",\"@id\":\"https:\/\/afakevents.com\/tr\/#website\",\"url\":\"https:\/\/afakevents.com\/tr\/\",\"name\":\"Afak Events\",\"description\":\"\",\"potentialAction\":[{\"@type\":\"SearchAction\",\"target\":{\"@type\":\"EntryPoint\",\"urlTemplate\":\"https:\/\/afakevents.com\/tr\/?s={search_term_string}\"},\"query-input\":{\"@type\":\"PropertyValueSpecification\",\"valueRequired\":true,\"valueName\":\"search_term_string\"}}],\"inLanguage\":\"tr\"}]}<\/script>\n<!-- \/ Yoast SEO plugin. -->","yoast_head_json":{"title":"\u0130LET\u0130\u015e\u0130M - Afak Events","robots":{"index":"index","follow":"follow","max-snippet":"max-snippet:-1","max-image-preview":"max-image-preview:large","max-video-preview":"max-video-preview:-1"},"canonical":"https:\/\/afakevents.com\/tr\/iletisim\/","og_locale":"tr_TR","og_type":"article","og_title":"\u0130LET\u0130\u015e\u0130M - Afak Events","og_description":"[vc_row full_width=&#8221;stretch_row_content_no_spaces&#8221;][vc_column][vc_gmaps link=&#8221;#E-8_JTNDaWZyYW1lJTIwc3JjJTNEJTIyaHR0cHMlM0ElMkYlMkZ3d3cuZ29vZ2xlLmNvbSUyRm1hcHMlMkZlbWJlZCUzRnBiJTNEJTIxMW0xOCUyMTFtMTIlMjExbTMlMjExZDMwMTEuMzAzNTY1OTg5NTY5JTIxMmQyOC44MjE1OTUxMjI3NDU5NzIlMjEzZDQwLjk5NjcyODQzODk5ODEwNSUyMTJtMyUyMTFmMCUyMTJmMCUyMTNmMCUyMTNtMiUyMTFpMTAyNCUyMTJpNzY4JTIxNGYxMy4xJTIxM20zJTIxMW0yJTIxMXMweDE0Y2FhMzYzMzE1NmQ5ZmYlMjUzQTB4YmEyYzUwMGMxNGU5ZWQwNiUyMTJzTmlzaCUyNTIwJTI1QzQlMjVCMHN0YW5idWwlMjE1ZTAlMjEzbTIlMjExc2VuJTIxMnN0ciUyMTR2MTcxOTgzOTIyMTY1NyUyMTVtMiUyMTFzZW4lMjEyc3RyJTIyJTIwd2lkdGglM0QlMjI2MDAlMjIlMjBoZWlnaHQlM0QlMjI0NTAlMjIlMjBzdHlsZSUzRCUyMmJvcmRlciUzQTAlM0IlMjIlMjBhbGxvd2Z1bGxzY3JlZW4lM0QlMjIlMjIlMjBsb2FkaW5nJTNEJTIybGF6eSUyMiUyMHJlZmVycmVycG9saWN5JTNEJTIybm8tcmVmZXJyZXItd2hlbi1kb3duZ3JhZGUlMjIlM0UlM0MlMkZpZnJhbWUlM0U=&#8221; size=&#8221;700px&#8221;][\/vc_column][\/vc_row][vc_row][vc_column offset=&#8221;vc_col-lg-2 vc_col-md-2 vc_hidden-sm vc_col-xs-12 vc_hidden-xs&#8221;][\/vc_column][vc_column offset=&#8221;vc_col-lg-8 vc_col-md-8 vc_col-xs-12&#8243;][vc_empty_space height=&#8221;110px&#8221;][vc_column_text css=&#8221;.vc_custom_1719839710663{margin-bottom: 0px !important;}&#8221;] +90 501 333 45 55 info@afakevents.com \u00c7OBAN\u00c7E\u015eME MAH. SANAY\u0130 CAD. N\u0130SH RESIDENCE, D BLOK No: 44 D \/ 32 BAH\u00c7EL\u0130EVLER\u00a0\/\u00a0\u0130STANBUL [\/vc_column_text][vc_empty_space height=&#8221;64px&#8221;][vc_empty_space height=&#8221;30px&#8221;][\/vc_column][vc_column offset=&#8221;vc_col-lg-2...","og_url":"https:\/\/afakevents.com\/tr\/iletisim\/","og_site_name":"Afak Events","article_modified_time":"2024-07-01T13:15:35+00:00","twitter_card":"summary_large_image","twitter_misc":{"Tahmini okuma s\u00fcresi":"1 dakika"},"schema":{"@context":"https:\/\/schema.org","@graph":[{"@type":"WebPage","@id":"https:\/\/afakevents.com\/tr\/iletisim\/","url":"https:\/\/afakevents.com\/tr\/iletisim\/","name":"\u0130LET\u0130\u015e\u0130M - Afak Events","isPartOf":{"@id":"https:\/\/afakevents.com\/tr\/#website"},"datePublished":"2018-12-01T10:49:05+00:00","dateModified":"2024-07-01T13:15:35+00:00","breadcrumb":{"@id":"https:\/\/afakevents.com\/tr\/iletisim\/#breadcrumb"},"inLanguage":"tr","potentialAction":[{"@type":"ReadAction","target":["https:\/\/afakevents.com\/tr\/iletisim\/"]}]},{"@type":"BreadcrumbList","@id":"https:\/\/afakevents.com\/tr\/iletisim\/#breadcrumb","itemListElement":[{"@type":"ListItem","position":1,"name":"Home","item":"https:\/\/afakevents.com\/tr\/"},{"@type":"ListItem","position":2,"name":"\u0130LET\u0130\u015e\u0130M"}]},{"@type":"WebSite","@id":"https:\/\/afakevents.com\/tr\/#website","url":"https:\/\/afakevents.com\/tr\/","name":"Afak Events","description":"","potentialAction":[{"@type":"SearchAction","target":{"@type":"EntryPoint","urlTemplate":"https:\/\/afakevents.com\/tr\/?s={search_term_string}"},"query-input":{"@type":"PropertyValueSpecification","valueRequired":true,"valueName":"search_term_string"}}],"inLanguage":"tr"}]}},"_links":{"self":[{"href":"https:\/\/afakevents.com\/tr\/wp-json\/wp\/v2\/pages\/875","targetHints":{"allow":["GET"]}}],"collection":[{"href":"https:\/\/afakevents.com\/tr\/wp-json\/wp\/v2\/pages"}],"about":[{"href":"https:\/\/afakevents.com\/tr\/wp-json\/wp\/v2\/types\/page"}],"author":[{"embeddable":true,"href":"https:\/\/afakevents.com\/tr\/wp-json\/wp\/v2\/users\/4"}],"replies":[{"embeddable":true,"href":"https:\/\/afakevents.com\/tr\/wp-json\/wp\/v2\/comments?post=875"}],"version-history":[{"count":7,"href":"https:\/\/afakevents.com\/tr\/wp-json\/wp\/v2\/pages\/875\/revisions"}],"predecessor-version":[{"id":2519,"href":"https:\/\/afakevents.com\/tr\/wp-json\/wp\/v2\/pages\/875\/revisions\/2519"}],"wp:attachment":[{"href":"https:\/\/afakevents.com\/tr\/wp-json\/wp\/v2\/media?parent=875"}],"curies":[{"name":"wp","href":"https:\/\/api.w.org\/{rel}","templated":true}]}}